{"id":3160,"date":"2023-06-10T16:18:25","date_gmt":"2023-06-10T16:18:25","guid":{"rendered":"https:\/\/lunamater.it\/it\/?page_id=3160"},"modified":"2023-06-15T14:18:53","modified_gmt":"2023-06-15T14:18:53","slug":"le-riserve","status":"publish","type":"page","link":"https:\/\/lunamater.it\/it\/le-riserve\/","title":{"rendered":"Le Riserve"},"content":{"rendered":"<section class=\"wpb-content-wrapper\"><p>[vc_row full_width=&#8221;stretch_row&#8221; css_animation=&#8221;&#8221;][vc_column css_animation=&#8221;&#8221;][vc_row_inner equal_height=&#8221;yes&#8221; content_placement=&#8221;middle&#8221;][vc_column_inner width=&#8221;1\/2&#8243; css=&#8221;.vc_custom_1488885265853{padding: 5% !important;}&#8221;]\n\t<div class=\"title-subtitle-box  \" style=\" text-align: left;\">\n\t\t<p  style=\"\">Un'esperienza sensoriale<\/p>\n\t\t<h1 style=\" font-style: normal;\">Saltatempo<\/h1>\n\t<\/div> [vc_column_text css_animation=&#8221;&#8221;]Vermentino, Albarola, Malvasia,Trebbiano.<\/p>\n<p>Appassimento naturale (uve appese), diraspatura manuale, lunga fermentazione spontanea (lieviti indigeni), lungo affinamento in damigiane di vetro rivestite di cartapesta.La nostra piccola grande solera.[\/vc_column_text][\/vc_column_inner][vc_column_inner width=&#8221;1\/2&#8243;][vc_single_image image=&#8221;3120&#8243; img_size=&#8221;full&#8221; onclick=&#8221;link_image&#8221; css_animation=&#8221;&#8221; css=&#8221;.vc_custom_1686412245659{margin-bottom: 0px !important;}&#8221;][\/vc_column_inner][\/vc_row_inner][\/vc_column][\/vc_row][vc_row full_width=&#8221;stretch_row&#8221; css_animation=&#8221;&#8221; css=&#8221;.vc_custom_1684656561009{background: #f1f1f1 url(https:\/\/lunamater.it\/it\/wp-content\/uploads\/2021\/11\/homepage_v2_compressed_71.jpeg?id=2969) !important;background-position: center !important;background-repeat: no-repeat !important;background-size: cover !important;}&#8221;][vc_column width=&#8221;1\/3&#8243; css_animation=&#8221;&#8221;][vc_single_image image=&#8221;3163&#8243; img_size=&#8221;400&#215;400&#8243; onclick=&#8221;link_image&#8221; css_animation=&#8221;&#8221;][vc_single_image image=&#8221;3168&#8243; img_size=&#8221;400&#215;600&#8243; onclick=&#8221;link_image&#8221; css_animation=&#8221;&#8221;][\/vc_column][vc_column width=&#8221;1\/3&#8243; css_animation=&#8221;&#8221;][vc_single_image image=&#8221;3166&#8243; img_size=&#8221;400&#215;400&#8243; onclick=&#8221;link_image&#8221; css_animation=&#8221;&#8221;][vc_column_text css_animation=&#8221;&#8221;]<\/p>\n<blockquote>\n<p>Alcuni gesti, a volte, riescono a scardinare la convenzionale metrica del tempo e ci regalano una gioia infantile, l\u2019identit\u00e0 del ricordo, una rinnovata passione per le stagioni della vita.<\/p>\n<\/blockquote>\n<p>[\/vc_column_text][\/vc_column][vc_column width=&#8221;1\/3&#8243; css_animation=&#8221;&#8221;][vc_single_image image=&#8221;3164&#8243; img_size=&#8221;400&#215;400&#8243; onclick=&#8221;link_image&#8221; css_animation=&#8221;&#8221;][vc_single_image image=&#8221;3167&#8243; img_size=&#8221;400&#215;600&#8243; onclick=&#8221;link_image&#8221; css_animation=&#8221;&#8221;][\/vc_column][\/vc_row][vc_row full_width=&#8221;stretch_row&#8221; css_animation=&#8221;&#8221;][vc_column css_animation=&#8221;&#8221;][vc_row_inner equal_height=&#8221;yes&#8221; content_placement=&#8221;middle&#8221;][vc_column_inner width=&#8221;1\/2&#8243; css=&#8221;.vc_custom_1488885265853{padding: 5% !important;}&#8221;][vc_single_image image=&#8221;3119&#8243; img_size=&#8221;full&#8221; onclick=&#8221;link_image&#8221; css_animation=&#8221;&#8221; css=&#8221;.vc_custom_1686413314312{margin-bottom: 0px !important;}&#8221;][\/vc_column_inner][vc_column_inner width=&#8221;1\/2&#8243;]\n\t<div class=\"title-subtitle-box  \" style=\" text-align: left;\">\n\t\t<p  style=\"\">Materia e forma<\/p>\n\t\t<h1 style=\" font-style: normal;\">Leviathan<\/h1>\n\t<\/div> [vc_column_text css_animation=&#8221;&#8221;]Una sfida:<\/p>\n<p>Vermentino, trebbiano, albarola e malvasia vinificati nel 2020 sulle bucce.<\/p>\n<p>Poi un ripasso sulle vinacce del nostro passito (saltatempo) per 60 giorni e un anno in botte scolma sulla flor, in ossidazione controllata.<\/p>\n<p>Imbottigliato in luna di marzo 2023[\/vc_column_text][\/vc_column_inner][\/vc_row_inner][\/vc_column][\/vc_row][vc_row full_width=&#8221;stretch_row&#8221; css_animation=&#8221;&#8221; css=&#8221;.vc_custom_1684656561009{background: #f1f1f1 url(https:\/\/lunamater.it\/it\/wp-content\/uploads\/2021\/11\/homepage_v2_compressed_71.jpeg?id=2969) !important;background-position: center !important;background-repeat: no-repeat !important;background-size: cover !important;}&#8221;][vc_column width=&#8221;1\/3&#8243; css_animation=&#8221;&#8221;][vc_single_image image=&#8221;3185&#8243; img_size=&#8221;400&#215;400&#8243; onclick=&#8221;link_image&#8221; css_animation=&#8221;&#8221;][\/vc_column][vc_column width=&#8221;1\/3&#8243; css_animation=&#8221;&#8221;][vc_single_image image=&#8221;3186&#8243; img_size=&#8221;400&#215;400&#8243; onclick=&#8221;link_image&#8221; css_animation=&#8221;&#8221;][\/vc_column][vc_column width=&#8221;1\/3&#8243; css_animation=&#8221;&#8221;][vc_single_image image=&#8221;3184&#8243; img_size=&#8221;400&#215;400&#8243; onclick=&#8221;link_image&#8221; css_animation=&#8221;&#8221;][\/vc_column][vc_column css_animation=&#8221;&#8221;][vc_column_text css_animation=&#8221;&#8221;]<\/p>\n<blockquote>\n<p>Un granello di sabbia negli ingranaggi oliati dello storytelling superpettinato, pietra d&#8217;inciampo, interpunzione sgrammaticata, vino atteso, amato, perdonato nella sua inarrestabile natura incline all&#8217;anarchia, pulsante di vita,donatore sano di piacere.<\/p>\n<p>Cos\u00ec l&#8217;avevo immaginato, cos\u00ec \u00e8.<\/p>\n<\/blockquote>\n<p>[\/vc_column_text][\/vc_column][\/vc_row]<\/p>\n<\/section>","protected":false},"excerpt":{"rendered":"<p>[vc_row full_width=&#8221;stretch_row&#8221; css_animation=&#8221;&#8221;][vc_column css_animation=&#8221;&#8221;][vc_row_inner equal_height=&#8221;yes&#8221; content_placement=&#8221;middle&#8221;][vc_column_inner width=&#8221;1\/2&#8243; css=&#8221;.vc_custom_1488885265853{padding: 5% !important;}&#8221;][vc_column_text css_animation=&#8221;&#8221;]Vermentino, Albarola, Malvasia,Trebbiano. Appassimento naturale (uve appese), diraspatura manuale, lunga fermentazione spontanea (lieviti indigeni), lungo affinamento in damigiane di vetro<br class=\"read-more-spacer\"> <a class=\"more-link\" href=\"https:\/\/lunamater.it\/it\/le-riserve\/\">Read More<\/a><\/p>\n","protected":false},"author":1,"featured_media":0,"parent":0,"menu_order":0,"comment_status":"closed","ping_status":"closed","template":"","meta":{"footnotes":""},"class_list":["post-3160","page","type-page","status-publish","hentry"],"acf":[],"yoast_head":"<!-- This site is optimized with the Yoast SEO plugin v20.3 - https:\/\/yoast.com\/wordpress\/plugins\/seo\/ -->\n<title>Le Riserve - LunaMater<\/title>\n<meta name=\"robots\" content=\"index, follow, max-snippet:-1, max-image-preview:large, max-video-preview:-1\" \/>\n<link rel=\"canonical\" href=\"https:\/\/lunamater.it\/it\/le-riserve\/\" \/>\n<meta property=\"og:locale\" content=\"it_IT\" \/>\n<meta property=\"og:type\" content=\"article\" \/>\n<meta property=\"og:title\" content=\"Le Riserve - LunaMater\" \/>\n<meta property=\"og:description\" content=\"[vc_row full_width=&#8221;stretch_row&#8221; css_animation=&#8221;&#8221;][vc_column css_animation=&#8221;&#8221;][vc_row_inner equal_height=&#8221;yes&#8221; content_placement=&#8221;middle&#8221;][vc_column_inner width=&#8221;1\/2&#8243; css=&#8221;.vc_custom_1488885265853{padding: 5% !important;}&#8221;][vc_column_text css_animation=&#8221;&#8221;]Vermentino, Albarola, Malvasia,Trebbiano. Appassimento naturale (uve appese), diraspatura manuale, lunga fermentazione spontanea (lieviti indigeni), lungo affinamento in damigiane di vetro Read More\" \/>\n<meta property=\"og:url\" content=\"https:\/\/lunamater.it\/it\/le-riserve\/\" \/>\n<meta property=\"og:site_name\" content=\"LunaMater\" \/>\n<meta property=\"article:modified_time\" content=\"2023-06-15T14:18:53+00:00\" \/>\n<meta name=\"twitter:card\" content=\"summary_large_image\" \/>\n<meta name=\"twitter:label1\" content=\"Tempo di lettura stimato\" \/>\n\t<meta name=\"twitter:data1\" content=\"2 minuti\" \/>\n<script type=\"application\/ld+json\" class=\"yoast-schema-graph\">{\"@context\":\"https:\/\/schema.org\",\"@graph\":[{\"@type\":\"WebPage\",\"@id\":\"https:\/\/lunamater.it\/it\/le-riserve\/\",\"url\":\"https:\/\/lunamater.it\/it\/le-riserve\/\",\"name\":\"Le Riserve - LunaMater\",\"isPartOf\":{\"@id\":\"https:\/\/lunamater.it\/it\/#website\"},\"datePublished\":\"2023-06-10T16:18:25+00:00\",\"dateModified\":\"2023-06-15T14:18:53+00:00\",\"breadcrumb\":{\"@id\":\"https:\/\/lunamater.it\/it\/le-riserve\/#breadcrumb\"},\"inLanguage\":\"it-IT\",\"potentialAction\":[{\"@type\":\"ReadAction\",\"target\":[\"https:\/\/lunamater.it\/it\/le-riserve\/\"]}]},{\"@type\":\"BreadcrumbList\",\"@id\":\"https:\/\/lunamater.it\/it\/le-riserve\/#breadcrumb\",\"itemListElement\":[{\"@type\":\"ListItem\",\"position\":1,\"name\":\"Home\",\"item\":\"https:\/\/lunamater.it\/it\/\"},{\"@type\":\"ListItem\",\"position\":2,\"name\":\"Le Riserve\"}]},{\"@type\":\"WebSite\",\"@id\":\"https:\/\/lunamater.it\/it\/#website\",\"url\":\"https:\/\/lunamater.it\/it\/\",\"name\":\"LunaMater\",\"description\":\"\",\"potentialAction\":[{\"@type\":\"SearchAction\",\"target\":{\"@type\":\"EntryPoint\",\"urlTemplate\":\"https:\/\/lunamater.it\/it\/?s={search_term_string}\"},\"query-input\":\"required name=search_term_string\"}],\"inLanguage\":\"it-IT\"}]}<\/script>\n<!-- \/ Yoast SEO plugin. -->","yoast_head_json":{"title":"Le Riserve - LunaMater","robots":{"index":"index","follow":"follow","max-snippet":"max-snippet:-1","max-image-preview":"max-image-preview:large","max-video-preview":"max-video-preview:-1"},"canonical":"https:\/\/lunamater.it\/it\/le-riserve\/","og_locale":"it_IT","og_type":"article","og_title":"Le Riserve - LunaMater","og_description":"[vc_row full_width=&#8221;stretch_row&#8221; css_animation=&#8221;&#8221;][vc_column css_animation=&#8221;&#8221;][vc_row_inner equal_height=&#8221;yes&#8221; content_placement=&#8221;middle&#8221;][vc_column_inner width=&#8221;1\/2&#8243; css=&#8221;.vc_custom_1488885265853{padding: 5% !important;}&#8221;][vc_column_text css_animation=&#8221;&#8221;]Vermentino, Albarola, Malvasia,Trebbiano. Appassimento naturale (uve appese), diraspatura manuale, lunga fermentazione spontanea (lieviti indigeni), lungo affinamento in damigiane di vetro Read More","og_url":"https:\/\/lunamater.it\/it\/le-riserve\/","og_site_name":"LunaMater","article_modified_time":"2023-06-15T14:18:53+00:00","twitter_card":"summary_large_image","twitter_misc":{"Tempo di lettura stimato":"2 minuti"},"schema":{"@context":"https:\/\/schema.org","@graph":[{"@type":"WebPage","@id":"https:\/\/lunamater.it\/it\/le-riserve\/","url":"https:\/\/lunamater.it\/it\/le-riserve\/","name":"Le Riserve - LunaMater","isPartOf":{"@id":"https:\/\/lunamater.it\/it\/#website"},"datePublished":"2023-06-10T16:18:25+00:00","dateModified":"2023-06-15T14:18:53+00:00","breadcrumb":{"@id":"https:\/\/lunamater.it\/it\/le-riserve\/#breadcrumb"},"inLanguage":"it-IT","potentialAction":[{"@type":"ReadAction","target":["https:\/\/lunamater.it\/it\/le-riserve\/"]}]},{"@type":"BreadcrumbList","@id":"https:\/\/lunamater.it\/it\/le-riserve\/#breadcrumb","itemListElement":[{"@type":"ListItem","position":1,"name":"Home","item":"https:\/\/lunamater.it\/it\/"},{"@type":"ListItem","position":2,"name":"Le Riserve"}]},{"@type":"WebSite","@id":"https:\/\/lunamater.it\/it\/#website","url":"https:\/\/lunamater.it\/it\/","name":"LunaMater","description":"","potentialAction":[{"@type":"SearchAction","target":{"@type":"EntryPoint","urlTemplate":"https:\/\/lunamater.it\/it\/?s={search_term_string}"},"query-input":"required name=search_term_string"}],"inLanguage":"it-IT"}]}},"_links":{"self":[{"href":"https:\/\/lunamater.it\/it\/wp-json\/wp\/v2\/pages\/3160","targetHints":{"allow":["GET"]}}],"collection":[{"href":"https:\/\/lunamater.it\/it\/wp-json\/wp\/v2\/pages"}],"about":[{"href":"https:\/\/lunamater.it\/it\/wp-json\/wp\/v2\/types\/page"}],"author":[{"embeddable":true,"href":"https:\/\/lunamater.it\/it\/wp-json\/wp\/v2\/users\/1"}],"replies":[{"embeddable":true,"href":"https:\/\/lunamater.it\/it\/wp-json\/wp\/v2\/comments?post=3160"}],"version-history":[{"count":27,"href":"https:\/\/lunamater.it\/it\/wp-json\/wp\/v2\/pages\/3160\/revisions"}],"predecessor-version":[{"id":3199,"href":"https:\/\/lunamater.it\/it\/wp-json\/wp\/v2\/pages\/3160\/revisions\/3199"}],"wp:attachment":[{"href":"https:\/\/lunamater.it\/it\/wp-json\/wp\/v2\/media?parent=3160"}],"curies":[{"name":"wp","href":"https:\/\/api.w.org\/{rel}","templated":true}]}}